{"id":1528,"date":"2023-03-20T13:05:09","date_gmt":"2023-03-20T12:05:09","guid":{"rendered":"https:\/\/smart-leman.ch\/?page_id=1528"},"modified":"2023-06-15T12:05:41","modified_gmt":"2023-06-15T10:05:41","slug":"secteurs-et-diplomes","status":"publish","type":"page","link":"https:\/\/smart-leman.ch\/index.php\/emploi-before-import\/secteurs-et-diplomes\/","title":{"rendered":"Secteurs et dipl\u00f4mes"},"content":{"rendered":"<style>.kb-row-layout-id_584f03-46 > .kt-row-column-wrap{align-content:start;}:where(.kb-row-layout-id_584f03-46 > .kt-row-column-wrap) > .wp-block-kadence-column{justify-content:start;}.kb-row-layout-id_584f03-46 > .kt-row-column-wrap{column-gap:var(--global-kb-gap-md, 2rem);row-gap:var(--global-kb-gap-md, 2rem);max-width:900px;margin-left:auto;margin-right:auto;padding-top:130px;padding-bottom:152px;grid-template-columns:minmax(0, 1fr);}.kb-row-layout-id_584f03-46{background-image:url('https:\/\/smart-leman.ch\/wp-content\/uploads\/2023\/03\/etudiants-diplomes-vue-dos.jpg');background-size:cover;background-position:53% 46%;background-attachment:fixed;background-repeat:no-repeat;}.kb-row-layout-id_584f03-46 > .kt-row-layout-overlay{opacity:0.71;background-color:#00b5e2;mix-blend-mode:overlay;}.kb-row-layout-id_584f03-46 .kt-row-layout-bottom-sep{height:100px;}.kb-row-layout-id_584f03-46 .kt-row-layout-bottom-sep svg{width:100%;}.kb-row-layout-id_584f03-46 .kt-row-layout-bottom-sep svg{fill:#ffffff!important;}@media all and (max-width: 1024px), only screen and (min-device-width: 1024px) and (max-device-width: 1366px) and (-webkit-min-device-pixel-ratio: 2) and (hover: none){.kb-row-layout-id_584f03-46{background-attachment:scroll;}}@media all and (max-width: 1024px){.kb-row-layout-id_584f03-46 > .kt-row-column-wrap{grid-template-columns:minmax(0, 1fr);}}@media all and (max-width: 1024px){.kb-row-layout-id_584f03-46 .kt-row-layout-bottom-sep{height:px;}}@media all and (max-width: 1024px){.kb-row-layout-id_584f03-46 .kt-row-layout-bottom-sep svg{width:%;}}@media all and (max-width: 767px){.kb-row-layout-id_584f03-46 > .kt-row-column-wrap{grid-template-columns:minmax(0, 1fr);}.kb-row-layout-id_584f03-46 .kt-row-layout-bottom-sep{height:px;}.kb-row-layout-id_584f03-46 .kt-row-layout-bottom-sep svg{width:%;}}<\/style><div class=\"kb-row-layout-wrap kb-row-layout-id_584f03-46 alignfull kt-row-has-bg kt-jarallax wp-block-kadence-rowlayout\" data-img-position=\"53% 46%\" data-img-size=\"cover\"><div class=\"kt-row-layout-overlay kt-row-overlay-normal\"><\/div><div class=\"kt-row-layout-bottom-sep kt-row-sep-type-ctd\"><svg viewBox=\"0 0 1000 100\" preserveAspectRatio=\"none\"><path d=\"M1000,0l-500,98l-500,-98l0,100l1000,0l0,-100Z\" style=\"opacity: 0.4\" \/><path d=\"M1000,20l-500,78l-500,-78l0,80l1000,0l0,-80Z\" \/><\/svg><\/div><div class=\"kt-row-column-wrap kt-has-1-columns kt-row-layout-equal kt-tab-layout-inherit kt-mobile-layout-row kt-row-valign-top\">\n<style>.kadence-column_3df01d-25 > .kt-inside-inner-col,.kadence-column_3df01d-25 > .kt-inside-inner-col:before{border-top-left-radius:0px;border-top-right-radius:0px;border-bottom-right-radius:0px;border-bottom-left-radius:0px;}.kadence-column_3df01d-25 > .kt-inside-inner-col{column-gap:var(--global-kb-gap-sm, 1rem);}.kadence-column_3df01d-25 > .kt-inside-inner-col{flex-direction:column;}.kadence-column_3df01d-25 > .kt-inside-inner-col > .aligncenter{width:100%;}.kadence-column_3df01d-25 > .kt-inside-inner-col:before{opacity:0.3;}.kadence-column_3df01d-25{position:relative;}@media all and (max-width: 1024px){.kadence-column_3df01d-25 > .kt-inside-inner-col{flex-direction:column;justify-content:center;}}@media all and (max-width: 767px){.kadence-column_3df01d-25 > .kt-inside-inner-col{flex-direction:column;justify-content:center;}}<\/style>\n<div class=\"wp-block-kadence-column kadence-column_3df01d-25 inner-column-1\"><div class=\"kt-inside-inner-col\"><style>.wp-block-kadence-advancedheading.kt-adv-heading_e8f260-c5, .wp-block-kadence-advancedheading.kt-adv-heading_e8f260-c5[data-kb-block=\"kb-adv-heading_e8f260-c5\"]{text-align:center;font-size:3.5em;line-height:1.3em;font-style:normal;color:#ffffff;}.wp-block-kadence-advancedheading.kt-adv-heading_e8f260-c5 mark.kt-highlight, .wp-block-kadence-advancedheading.kt-adv-heading_e8f260-c5[data-kb-block=\"kb-adv-heading_e8f260-c5\"] mark.kt-highlight{font-style:normal;color:#f76a0c;-webkit-box-decoration-break:clone;box-decoration-break:clone;padding-top:0px;padding-right:0px;padding-bottom:0px;padding-left:0px;}.wp-block-kadence-advancedheading.kt-adv-heading_e8f260-c5 img.kb-inline-image, .wp-block-kadence-advancedheading.kt-adv-heading_e8f260-c5[data-kb-block=\"kb-adv-heading_e8f260-c5\"] img.kb-inline-image{width:150px;vertical-align:baseline;}<\/style>\n<h2 class=\"kt-adv-heading_e8f260-c5 wp-block-kadence-advancedheading\" data-kb-block=\"kb-adv-heading_e8f260-c5\">Secteurs r\u00e8glement\u00e9s et reconnaissance de dipl\u00f4mes<\/h2>\n\n\n<style>.wp-block-kadence-advancedheading.kt-adv-heading_d50aca-f8, .wp-block-kadence-advancedheading.kt-adv-heading_d50aca-f8[data-kb-block=\"kb-adv-heading_d50aca-f8\"]{text-align:center;font-size:1.6em;line-height:1em;font-weight:200;font-style:normal;font-family:Montserrat;color:#ffffff;}.wp-block-kadence-advancedheading.kt-adv-heading_d50aca-f8 mark.kt-highlight, .wp-block-kadence-advancedheading.kt-adv-heading_d50aca-f8[data-kb-block=\"kb-adv-heading_d50aca-f8\"] mark.kt-highlight{font-style:normal;color:#f76a0c;-webkit-box-decoration-break:clone;box-decoration-break:clone;padding-top:0px;padding-right:0px;padding-bottom:0px;padding-left:0px;}.wp-block-kadence-advancedheading.kt-adv-heading_d50aca-f8 img.kb-inline-image, .wp-block-kadence-advancedheading.kt-adv-heading_d50aca-f8[data-kb-block=\"kb-adv-heading_d50aca-f8\"] img.kb-inline-image{width:150px;vertical-align:baseline;}<\/style>\n<h4 class=\"kt-adv-heading_d50aca-f8 wp-block-kadence-advancedheading\" data-kb-block=\"kb-adv-heading_d50aca-f8\"><\/h4>\n<\/div><\/div>\n\n<\/div><\/div>\n\n\n<div class=\"wp-block-uagb-container uagb-block-ea097db1 alignfull uagb-is-root-container\"><div class=\"uagb-container-inner-blocks-wrap\">\n<div class=\"wp-block-uagb-container uagb-block-b7fab83a\">\n<div class=\"wp-block-uagb-advanced-heading uagb-block-f8f6d5fc\"><h2 class=\"uagb-heading-text\">Sur Suisse certains secteurs sont r\u00e8glement\u00e9s<\/h2><p class=\"uagb-desc-text\">Si vous en faites partie, renseignez vous en cliquant sur le lien ci-dessous. Il vous indique \u00e9galement comment faire reconna\u00eetre vos dipl\u00f4mes.<\/p><\/div>\n<\/div>\n\n\n\n<div class=\"wp-block-uagb-container uagb-block-eee2b5bb\">\n<div class=\"wp-block-uagb-container uagb-block-a79519b6\">\n<div class=\"wp-block-uagb-advanced-heading uagb-block-03e52bb6\"><h2 class=\"uagb-heading-text\">Domaine de la sant\u00e9<\/h2><p class=\"uagb-desc-text\">Ambulancier, praticien m\u00e9dical \/ dentaire \/ v\u00e9t\u00e9rinaire \/ di\u00e9t\u00e9ticien \/ Esth\u00e9ticien &#8230;<\/p><\/div>\n<\/div>\n\n\n\n<div class=\"wp-block-uagb-container uagb-block-1ef6ec00\">\n<div class=\"wp-block-uagb-advanced-heading uagb-block-a95930f0\"><h2 class=\"uagb-heading-text\">Industrie, commerce, \u00e9conomie et alimentation<\/h2><p class=\"uagb-desc-text\">Agent de s\u00e9curit\u00e9, fiduciaire, d\u00e9tective priv\u00e9, pompes fun\u00e8bres, traiteur&#8230;<\/p><\/div>\n<\/div>\n\n\n\n<div class=\"wp-block-uagb-container uagb-block-7315a787\">\n<div class=\"wp-block-uagb-advanced-heading uagb-block-51523db4\"><h2 class=\"uagb-heading-text\">Transports, <\/h2><p class=\"uagb-desc-text\">Chauffeur de taxi, conducteur poids lourds et trains&#8230;<\/p><\/div>\n<\/div>\n<\/div>\n<\/div><\/div>\n\n\n<style>.kb-row-layout-id_8fe442-b0 > .kt-row-column-wrap{align-content:start;}:where(.kb-row-layout-id_8fe442-b0 > .kt-row-column-wrap) > .wp-block-kadence-column{justify-content:start;}.kb-row-layout-id_8fe442-b0 > .kt-row-column-wrap{column-gap:var(--global-kb-gap-md, 2rem);row-gap:var(--global-kb-gap-md, 2rem);padding-top:var(--global-kb-spacing-sm, 1.5rem);padding-bottom:var(--global-kb-spacing-sm, 1.5rem);}.kb-row-layout-id_8fe442-b0 > .kt-row-column-wrap > div:not(.added-for-specificity){grid-column:initial;}.kb-row-layout-id_8fe442-b0 > .kt-row-column-wrap{grid-template-columns:repeat(3, minmax(0, 1fr));}.kb-row-layout-id_8fe442-b0 > .kt-row-layout-overlay{opacity:0.30;}@media all and (max-width: 1024px){.kb-row-layout-id_8fe442-b0 > .kt-row-column-wrap > div:not(.added-for-specificity){grid-column:initial;}}@media all and (max-width: 1024px){.kb-row-layout-id_8fe442-b0 > .kt-row-column-wrap{grid-template-columns:repeat(3, minmax(0, 1fr));}}@media all and (max-width: 767px){.kb-row-layout-id_8fe442-b0 > .kt-row-column-wrap > div:not(.added-for-specificity){grid-column:initial;}.kb-row-layout-id_8fe442-b0 > .kt-row-column-wrap{grid-template-columns:minmax(0, 1fr);}}<\/style><div class=\"kb-row-layout-wrap kb-row-layout-id_8fe442-b0 alignnone wp-block-kadence-rowlayout\"><div class=\"kt-row-column-wrap kt-has-3-columns kt-row-layout-equal kt-tab-layout-inherit kt-mobile-layout-row kt-row-valign-top\">\n<style>.kadence-column_b54dda-a9 > .kt-inside-inner-col,.kadence-column_b54dda-a9 > .kt-inside-inner-col:before{border-top-left-radius:0px;border-top-right-radius:0px;border-bottom-right-radius:0px;border-bottom-left-radius:0px;}.kadence-column_b54dda-a9 > .kt-inside-inner-col{column-gap:var(--global-kb-gap-sm, 1rem);}.kadence-column_b54dda-a9 > .kt-inside-inner-col{flex-direction:column;}.kadence-column_b54dda-a9 > .kt-inside-inner-col > .aligncenter{width:100%;}.kadence-column_b54dda-a9 > .kt-inside-inner-col:before{opacity:0.3;}.kadence-column_b54dda-a9{position:relative;}@media all and (max-width: 1024px){.kadence-column_b54dda-a9 > .kt-inside-inner-col{flex-direction:column;justify-content:center;}}@media all and (max-width: 767px){.kadence-column_b54dda-a9 > .kt-inside-inner-col{flex-direction:column;justify-content:center;}}<\/style>\n<div class=\"wp-block-kadence-column kadence-column_b54dda-a9\"><div class=\"kt-inside-inner-col\"><style>.wp-block-kadence-advancedheading.kt-adv-heading_759ea7-2b, .wp-block-kadence-advancedheading.kt-adv-heading_759ea7-2b[data-kb-block=\"kb-adv-heading_759ea7-2b\"]{text-align:center;font-style:normal;}.wp-block-kadence-advancedheading.kt-adv-heading_759ea7-2b mark.kt-highlight, .wp-block-kadence-advancedheading.kt-adv-heading_759ea7-2b[data-kb-block=\"kb-adv-heading_759ea7-2b\"] mark.kt-highlight{font-style:normal;color:#f76a0c;-webkit-box-decoration-break:clone;box-decoration-break:clone;padding-top:0px;padding-right:0px;padding-bottom:0px;padding-left:0px;}.wp-block-kadence-advancedheading.kt-adv-heading_759ea7-2b img.kb-inline-image, .wp-block-kadence-advancedheading.kt-adv-heading_759ea7-2b[data-kb-block=\"kb-adv-heading_759ea7-2b\"] img.kb-inline-image{width:150px;vertical-align:baseline;}<\/style>\n<h4 class=\"kt-adv-heading_759ea7-2b wp-block-kadence-advancedheading\" data-kb-block=\"kb-adv-heading_759ea7-2b\">Formation, social et sport<\/h4>\n\n\n\n<p class=\"has-text-align-center\">Conseiller, enseignant, formateur, moniteur de conduite, travailleur social, moniteur, professeur, animateur&#8230;<\/p>\n<\/div><\/div>\n\n\n<style>.kadence-column_98f9cf-e2 > .kt-inside-inner-col,.kadence-column_98f9cf-e2 > .kt-inside-inner-col:before{border-top-left-radius:0px;border-top-right-radius:0px;border-bottom-right-radius:0px;border-bottom-left-radius:0px;}.kadence-column_98f9cf-e2 > .kt-inside-inner-col{column-gap:var(--global-kb-gap-sm, 1rem);}.kadence-column_98f9cf-e2 > .kt-inside-inner-col{flex-direction:column;}.kadence-column_98f9cf-e2 > .kt-inside-inner-col > .aligncenter{width:100%;}.kadence-column_98f9cf-e2 > .kt-inside-inner-col:before{opacity:0.3;}.kadence-column_98f9cf-e2{position:relative;}@media all and (max-width: 1024px){.kadence-column_98f9cf-e2 > .kt-inside-inner-col{flex-direction:column;justify-content:center;}}@media all and (max-width: 767px){.kadence-column_98f9cf-e2 > .kt-inside-inner-col{flex-direction:column;justify-content:center;}}<\/style>\n<div class=\"wp-block-kadence-column kadence-column_98f9cf-e2\"><div class=\"kt-inside-inner-col\"><style>.wp-block-kadence-advancedheading.kt-adv-heading_7cf47d-43, .wp-block-kadence-advancedheading.kt-adv-heading_7cf47d-43[data-kb-block=\"kb-adv-heading_7cf47d-43\"]{text-align:center;font-style:normal;}.wp-block-kadence-advancedheading.kt-adv-heading_7cf47d-43 mark.kt-highlight, .wp-block-kadence-advancedheading.kt-adv-heading_7cf47d-43[data-kb-block=\"kb-adv-heading_7cf47d-43\"] mark.kt-highlight{font-style:normal;color:#f76a0c;-webkit-box-decoration-break:clone;box-decoration-break:clone;padding-top:0px;padding-right:0px;padding-bottom:0px;padding-left:0px;}.wp-block-kadence-advancedheading.kt-adv-heading_7cf47d-43 img.kb-inline-image, .wp-block-kadence-advancedheading.kt-adv-heading_7cf47d-43[data-kb-block=\"kb-adv-heading_7cf47d-43\"] img.kb-inline-image{width:150px;vertical-align:baseline;}<\/style>\n<h4 class=\"kt-adv-heading_7cf47d-43 wp-block-kadence-advancedheading\" data-kb-block=\"kb-adv-heading_7cf47d-43\">Construction<\/h4>\n\n\n\n<p class=\"has-text-align-center\">Architecte, \u00e9lectricien, grutier, ing\u00e9nieur, machiniste&#8230;<\/p>\n<\/div><\/div>\n\n\n<style>.kadence-column_70b78a-e9 > .kt-inside-inner-col,.kadence-column_70b78a-e9 > .kt-inside-inner-col:before{border-top-left-radius:0px;border-top-right-radius:0px;border-bottom-right-radius:0px;border-bottom-left-radius:0px;}.kadence-column_70b78a-e9 > .kt-inside-inner-col{column-gap:var(--global-kb-gap-sm, 1rem);}.kadence-column_70b78a-e9 > .kt-inside-inner-col{flex-direction:column;}.kadence-column_70b78a-e9 > .kt-inside-inner-col > .aligncenter{width:100%;}.kadence-column_70b78a-e9 > .kt-inside-inner-col:before{opacity:0.3;}.kadence-column_70b78a-e9{position:relative;}@media all and (max-width: 1024px){.kadence-column_70b78a-e9 > .kt-inside-inner-col{flex-direction:column;justify-content:center;}}@media all and (max-width: 767px){.kadence-column_70b78a-e9 > .kt-inside-inner-col{flex-direction:column;justify-content:center;}}<\/style>\n<div class=\"wp-block-kadence-column kadence-column_70b78a-e9\"><div class=\"kt-inside-inner-col\"><style>.wp-block-kadence-advancedheading.kt-adv-heading_8f1713-6a, .wp-block-kadence-advancedheading.kt-adv-heading_8f1713-6a[data-kb-block=\"kb-adv-heading_8f1713-6a\"]{text-align:center;font-style:normal;}.wp-block-kadence-advancedheading.kt-adv-heading_8f1713-6a mark.kt-highlight, .wp-block-kadence-advancedheading.kt-adv-heading_8f1713-6a[data-kb-block=\"kb-adv-heading_8f1713-6a\"] mark.kt-highlight{font-style:normal;color:#f76a0c;-webkit-box-decoration-break:clone;box-decoration-break:clone;padding-top:0px;padding-right:0px;padding-bottom:0px;padding-left:0px;}.wp-block-kadence-advancedheading.kt-adv-heading_8f1713-6a img.kb-inline-image, .wp-block-kadence-advancedheading.kt-adv-heading_8f1713-6a[data-kb-block=\"kb-adv-heading_8f1713-6a\"] img.kb-inline-image{width:150px;vertical-align:baseline;}<\/style>\n<h4 class=\"kt-adv-heading_8f1713-6a wp-block-kadence-advancedheading\" data-kb-block=\"kb-adv-heading_8f1713-6a\">Autres domaines<\/h4>\n\n\n\n<p>Personnel de centrale, avocat, personnel naviguant, interm\u00e9diaire d&rsquo;assurance, policier, huissier&#8230;<\/p>\n<\/div><\/div>\n\n<\/div><\/div>\n\n<style>.kb-row-layout-id_382b79-9b > .kt-row-column-wrap{align-content:start;}:where(.kb-row-layout-id_382b79-9b > .kt-row-column-wrap) > .wp-block-kadence-column{justify-content:start;}.kb-row-layout-id_382b79-9b > .kt-row-column-wrap{column-gap:var(--global-kb-gap-md, 2rem);row-gap:var(--global-kb-gap-md, 2rem);padding-top:var(--global-kb-spacing-sm, 1.5rem);padding-bottom:var(--global-kb-spacing-sm, 1.5rem);}.kb-row-layout-id_382b79-9b > .kt-row-column-wrap > div:not(.added-for-specificity){grid-column:initial;}.kb-row-layout-id_382b79-9b > .kt-row-column-wrap{grid-template-columns:minmax(0, 1fr) minmax(0, 2fr) minmax(0, 1fr);}.kb-row-layout-id_382b79-9b > .kt-row-layout-overlay{opacity:0.30;}@media all and (max-width: 1024px){.kb-row-layout-id_382b79-9b > .kt-row-column-wrap > div:not(.added-for-specificity){grid-column:initial;}}@media all and (max-width: 1024px){.kb-row-layout-id_382b79-9b > .kt-row-column-wrap{grid-template-columns:minmax(0, 1fr) minmax(0, 2fr) minmax(0, 1fr);}}@media all and (max-width: 767px){.kb-row-layout-id_382b79-9b > .kt-row-column-wrap > div:not(.added-for-specificity){grid-column:initial;}.kb-row-layout-id_382b79-9b > .kt-row-column-wrap{grid-template-columns:minmax(0, 1fr);}}<\/style><div class=\"kb-row-layout-wrap kb-row-layout-id_382b79-9b alignnone wp-block-kadence-rowlayout\"><div class=\"kt-row-column-wrap kt-has-3-columns kt-row-layout-center-half kt-tab-layout-inherit kt-mobile-layout-row kt-row-valign-top\">\n<style>.kadence-column_307e20-8d > .kt-inside-inner-col,.kadence-column_307e20-8d > .kt-inside-inner-col:before{border-top-left-radius:0px;border-top-right-radius:0px;border-bottom-right-radius:0px;border-bottom-left-radius:0px;}.kadence-column_307e20-8d > .kt-inside-inner-col{column-gap:var(--global-kb-gap-sm, 1rem);}.kadence-column_307e20-8d > .kt-inside-inner-col{flex-direction:column;}.kadence-column_307e20-8d > .kt-inside-inner-col > .aligncenter{width:100%;}.kadence-column_307e20-8d > .kt-inside-inner-col:before{opacity:0.3;}.kadence-column_307e20-8d{position:relative;}@media all and (max-width: 1024px){.kadence-column_307e20-8d > .kt-inside-inner-col{flex-direction:column;justify-content:center;}}@media all and (max-width: 767px){.kadence-column_307e20-8d > .kt-inside-inner-col{flex-direction:column;justify-content:center;}}<\/style>\n<div class=\"wp-block-kadence-column kadence-column_307e20-8d\"><div class=\"kt-inside-inner-col\"><\/div><\/div>\n\n\n<style>.kadence-column_fffb94-74 > .kt-inside-inner-col,.kadence-column_fffb94-74 > .kt-inside-inner-col:before{border-top-left-radius:0px;border-top-right-radius:0px;border-bottom-right-radius:0px;border-bottom-left-radius:0px;}.kadence-column_fffb94-74 > .kt-inside-inner-col{column-gap:var(--global-kb-gap-sm, 1rem);}.kadence-column_fffb94-74 > .kt-inside-inner-col{flex-direction:column;}.kadence-column_fffb94-74 > .kt-inside-inner-col > .aligncenter{width:100%;}.kadence-column_fffb94-74 > .kt-inside-inner-col:before{opacity:0.3;}.kadence-column_fffb94-74{position:relative;}@media all and (max-width: 1024px){.kadence-column_fffb94-74 > .kt-inside-inner-col{flex-direction:column;justify-content:center;}}@media all and (max-width: 767px){.kadence-column_fffb94-74 > .kt-inside-inner-col{flex-direction:column;justify-content:center;}}<\/style>\n<div class=\"wp-block-kadence-column kadence-column_fffb94-74\"><div class=\"kt-inside-inner-col\">\n<div class=\"wp-block-uagb-buttons uagb-buttons__outer-wrap uagb-btn__default-btn uagb-btn-tablet__default-btn uagb-btn-mobile__default-btn uagb-block-661a1087\"><div class=\"uagb-buttons__wrap uagb-buttons-layout-wrap\">\n<div class=\"wp-block-uagb-buttons-child uagb-buttons__outer-wrap uagb-block-017b0375 wp-block-button is-style-outline\"><div class=\"uagb-button__wrapper\"><a class=\"uagb-buttons-repeater wp-block-button__link\" href=\"https:\/\/www.sbfi.admin.ch\/sbfi\/fr\/home\/formation\/reconnaissance-de-diplomes-etrangers\/procedure-de-reconnaissance-lors-dun-etablissement-en-suisse\/professions-reglementees.html\" onclick=\"return true;\" rel=\"follow noopener\" target=\"_blank\"><div class=\"uagb-button__link\">Lien<\/div><\/a><\/div><\/div>\n<\/div><\/div>\n<\/div><\/div>\n\n\n<style>.kadence-column_87f11f-b6 > .kt-inside-inner-col,.kadence-column_87f11f-b6 > .kt-inside-inner-col:before{border-top-left-radius:0px;border-top-right-radius:0px;border-bottom-right-radius:0px;border-bottom-left-radius:0px;}.kadence-column_87f11f-b6 > .kt-inside-inner-col{column-gap:var(--global-kb-gap-sm, 1rem);}.kadence-column_87f11f-b6 > .kt-inside-inner-col{flex-direction:column;}.kadence-column_87f11f-b6 > .kt-inside-inner-col > .aligncenter{width:100%;}.kadence-column_87f11f-b6 > .kt-inside-inner-col:before{opacity:0.3;}.kadence-column_87f11f-b6{position:relative;}@media all and (max-width: 1024px){.kadence-column_87f11f-b6 > .kt-inside-inner-col{flex-direction:column;justify-content:center;}}@media all and (max-width: 767px){.kadence-column_87f11f-b6 > .kt-inside-inner-col{flex-direction:column;justify-content:center;}}<\/style>\n<div class=\"wp-block-kadence-column kadence-column_87f11f-b6\"><div class=\"kt-inside-inner-col\"><\/div><\/div>\n\n<\/div><\/div>\n\n\n<div class=\"wp-block-group alignfull has-background\" style=\"background:linear-gradient(190deg,rgb(121,172,219) 0%,rgb(66,198,181) 100%)\"><div class=\"wp-block-group__inner-container is-layout-flow wp-block-group-is-layout-flow\">\n<h2 class=\"wp-block-heading has-text-align-center has-text-color\" style=\"color:#ffffff\">Postes recherch\u00e9s<\/h2>\n\n\n\n<div class=\"wp-block-columns alignwide is-layout-flex wp-container-core-columns-is-layout-9d6595d7 wp-block-columns-is-layout-flex\">\n<div class=\"wp-block-column is-vertically-aligned-top is-layout-flow wp-block-column-is-layout-flow\">\n<h6 class=\"wp-block-heading has-text-color\" style=\"color:#ffffff\"><strong>Les ouvriers qualifi\u00e9s<\/strong><\/h6>\n\n\n\n<p class=\"has-text-color\" style=\"color:#070707\">BTP (plombier, \u00e9lectricien, soudeur, chauffagiste&#8230;) et m\u00e9canique ( carrossier, peintre auto, m\u00e9canicien&#8230;)<\/p>\n\n\n\n<h6 class=\"wp-block-heading has-text-color\" style=\"color:#ffffff\"><strong>Employ\u00e9 d&rsquo;h\u00f4tellerie restauration<\/strong><\/h6>\n\n\n\n<p class=\"has-text-color\" style=\"color:#090909\">serveur, plongeur, commis, cuisinier, second, ma\u00eetre d&rsquo;h\u00f4tel\u2026<\/p>\n\n\n\n<h6 class=\"wp-block-heading has-text-color\" style=\"color:#ffffff\">Employ\u00e9 de commerce et logistique<\/h6>\n\n\n\n<p class=\"has-text-color\" style=\"color:#050505\">Vendeur, stockiste, mise en rayon, caissier, pr\u00e9parateur de commande, cariste, magasinier\u2026 <\/p>\n\n\n\n<p class=\"has-theme-palette-9-color has-text-color\"><strong>Employ\u00e9 de maison et de m\u00e9nage<\/strong><\/p>\n\n\n\n<p>femme de m\u00e9nage, gouvernante&#8230;<\/p>\n<\/div>\n\n\n\n<div class=\"wp-block-column is-layout-flow wp-block-column-is-layout-flow\">\n<h6 class=\"wp-block-heading has-text-color\" style=\"color:#ffffff\"><strong>Ing\u00e9nieur<\/strong><\/h6>\n\n\n\n<p class=\"has-text-color\" style=\"color:#080808\">Tous types, chimie, g\u00e9nie civil, transport, informatique, eau&#8230;<\/p>\n\n\n\n<h6 class=\"wp-block-heading has-text-color\" style=\"color:#ffffff\"><strong>Sant\u00e9<\/strong><\/h6>\n\n\n\n<p class=\"has-text-color\" style=\"color:#050505\">aide-soignant, technicien de laboratoire, m\u00e9decin, physioth\u00e9rapeute&#8230;<\/p>\n\n\n\n<h6 class=\"wp-block-heading has-text-color\" style=\"color:#ffffff\"><strong>S\u00e9curit\u00e9<\/strong><\/h6>\n\n\n\n<p class=\"has-text-color\" style=\"color:#0c0b0b\">agent de s\u00e9curit\u00e9, agent de suret\u00e9 ferroviaire, convoyeur de fonds, <\/p>\n<\/div>\n<\/div>\n<\/div><\/div>\n","protected":false},"excerpt":{"rendered":"<p>Secteurs r\u00e8glement\u00e9s et reconnaissance de dipl\u00f4mes Sur Suisse certains secteurs sont r\u00e8glement\u00e9s Si vous en faites partie, renseignez vous en cliquant sur le lien ci-dessous. Il vous indique \u00e9galement comment faire reconna\u00eetre vos dipl\u00f4mes. Domaine de la sant\u00e9 Ambulancier, praticien m\u00e9dical \/ dentaire \/ v\u00e9t\u00e9rinaire \/ di\u00e9t\u00e9ticien \/ Esth\u00e9ticien &#8230; Industrie, commerce, \u00e9conomie et alimentation&#8230;<\/p>\n","protected":false},"author":1,"featured_media":0,"parent":886,"menu_order":0,"comment_status":"closed","ping_status":"closed","template":"","meta":{"_uag_custom_page_level_css":"","_kadence_starter_templates_imported_post":false,"_kad_post_transparent":"","_kad_post_title":"","_kad_post_layout":"","_kad_post_sidebar_id":"","_kad_post_content_style":"","_kad_post_vertical_padding":"","_kad_post_feature":"","_kad_post_feature_position":"","_kad_post_header":false,"_kad_post_footer":false,"_kad_post_classname":"","footnotes":""},"class_list":["post-1528","page","type-page","status-publish","hentry"],"uagb_featured_image_src":{"full":false,"thumbnail":false,"medium":false,"medium_large":false,"large":false,"1536x1536":false,"2048x2048":false},"uagb_author_info":{"display_name":"SL","author_link":"https:\/\/smart-leman.ch\/index.php\/author\/sl\/"},"uagb_comment_info":0,"uagb_excerpt":"Secteurs r\u00e8glement\u00e9s et reconnaissance de dipl\u00f4mes Sur Suisse certains secteurs sont r\u00e8glement\u00e9s Si vous en faites partie, renseignez vous en cliquant sur le lien ci-dessous. Il vous indique \u00e9galement comment faire reconna\u00eetre vos dipl\u00f4mes. Domaine de la sant\u00e9 Ambulancier, praticien m\u00e9dical \/ dentaire \/ v\u00e9t\u00e9rinaire \/ di\u00e9t\u00e9ticien \/ Esth\u00e9ticien &#8230; Industrie, commerce, \u00e9conomie et alimentation...","_links":{"self":[{"href":"https:\/\/smart-leman.ch\/index.php\/wp-json\/wp\/v2\/pages\/1528","targetHints":{"allow":["GET"]}}],"collection":[{"href":"https:\/\/smart-leman.ch\/index.php\/wp-json\/wp\/v2\/pages"}],"about":[{"href":"https:\/\/smart-leman.ch\/index.php\/wp-json\/wp\/v2\/types\/page"}],"author":[{"embeddable":true,"href":"https:\/\/smart-leman.ch\/index.php\/wp-json\/wp\/v2\/users\/1"}],"replies":[{"embeddable":true,"href":"https:\/\/smart-leman.ch\/index.php\/wp-json\/wp\/v2\/comments?post=1528"}],"version-history":[{"count":12,"href":"https:\/\/smart-leman.ch\/index.php\/wp-json\/wp\/v2\/pages\/1528\/revisions"}],"predecessor-version":[{"id":2017,"href":"https:\/\/smart-leman.ch\/index.php\/wp-json\/wp\/v2\/pages\/1528\/revisions\/2017"}],"up":[{"embeddable":true,"href":"https:\/\/smart-leman.ch\/index.php\/wp-json\/wp\/v2\/pages\/886"}],"wp:attachment":[{"href":"https:\/\/smart-leman.ch\/index.php\/wp-json\/wp\/v2\/media?parent=1528"}],"curies":[{"name":"wp","href":"https:\/\/api.w.org\/{rel}","templated":true}]}}