{"id":916,"date":"2023-03-14T12:21:10","date_gmt":"2023-03-14T11:21:10","guid":{"rendered":"http:\/\/smart-leman.ch\/?page_id=916-old"},"modified":"2023-06-15T12:21:44","modified_gmt":"2023-06-15T10:21:44","slug":"demarches-nouvel-arrivant-before-import","status":"publish","type":"page","link":"https:\/\/smart-leman.ch\/index.php\/emploi-before-import\/demarches-nouvel-arrivant-before-import\/","title":{"rendered":"D\u00e9marches nouvel arrivant"},"content":{"rendered":"\n<div class=\"wp-block-uagb-container uagb-block-9644ee49 alignfull uagb-is-root-container\"><div class=\"uagb-container-inner-blocks-wrap\">\n<div class=\"wp-block-uagb-container uagb-block-f198fbf1\"><style>.wp-block-kadence-advancedheading.kt-adv-heading_98c2e9-f2, .wp-block-kadence-advancedheading.kt-adv-heading_98c2e9-f2[data-kb-block=\"kb-adv-heading_98c2e9-f2\"]{max-width:722px;text-align:left;font-style:normal;}.wp-block-kadence-advancedheading.kt-adv-heading_98c2e9-f2 mark.kt-highlight, .wp-block-kadence-advancedheading.kt-adv-heading_98c2e9-f2[data-kb-block=\"kb-adv-heading_98c2e9-f2\"] mark.kt-highlight{font-style:normal;color:#f76a0c;-webkit-box-decoration-break:clone;box-decoration-break:clone;padding-top:0px;padding-right:0px;padding-bottom:0px;padding-left:0px;}.wp-block-kadence-advancedheading.kt-adv-heading_98c2e9-f2 img.kb-inline-image, .wp-block-kadence-advancedheading.kt-adv-heading_98c2e9-f2[data-kb-block=\"kb-adv-heading_98c2e9-f2\"] img.kb-inline-image{width:150px;vertical-align:baseline;}<\/style>\n<h2 class=\"kt-adv-heading_98c2e9-f2 wp-block-kadence-advancedheading has-theme-palette-2-color has-text-color\" data-kb-block=\"kb-adv-heading_98c2e9-f2\">D\u00e9marches nouvel arrivant <\/h2>\n\n\n\n<p><\/p>\n\n\n\n<p><\/p>\n\n\n\n<p><\/p>\n\n\n\n<p><\/p>\n\n\n\n<p><\/p>\n\n\n\n<p><\/p>\n\n\n\n<p><\/p>\n\n\n\n<p><\/p>\n\n\n\n<p><\/p>\n\n\n\n<p><\/p>\n\n\n\n<p><\/p>\n<\/div>\n<\/div><\/div>\n\n\n\n<div class=\"wp-block-uagb-container uagb-block-f76c3d15 alignfull uagb-is-root-container\"><div class=\"uagb-container-inner-blocks-wrap\">\n<div class=\"wp-block-uagb-container uagb-block-02da6902\">\n<div class=\"wp-block-uagb-advanced-heading uagb-block-8469a71b\"><h2 class=\"uagb-heading-text\">Vous avez enfin trouv\u00e9 un emploi sur Suisse !<\/h2><p class=\"uagb-desc-text\"><strong>F\u00e9licitations !<\/strong> Maintenant place aux d\u00e9marches administratives pour \u00eatre en r\u00e8gle.<\/p><\/div>\n\n\n\n<p class=\"has-text-align-center\">Certaines d\u00e9marches diff\u00e8rent d&rsquo;un r\u00e9sident \u00e0 un frontalier.<\/p>\n<\/div>\n\n\n\n<div class=\"wp-block-uagb-container uagb-block-323f9ba5\">\n<div class=\"wp-block-uagb-container uagb-block-cd8ad38f\">\n<div class=\"wp-block-uagb-advanced-heading uagb-block-9fa8e834\"><h2 class=\"uagb-heading-text\">1. D\u00e9claration<\/h2><p class=\"uagb-desc-text\">D\u00e9clarez vous aupr\u00e8s de l&rsquo; administration de votre commune.<\/p><\/div>\n<\/div>\n\n\n\n<div class=\"wp-block-uagb-container uagb-block-0ef892c9\">\n<div class=\"wp-block-uagb-advanced-heading uagb-block-b9efbf58\"><h2 class=\"uagb-heading-text\">2. Syst\u00e8me bancaire<\/h2><p class=\"uagb-desc-text\">Choisissez une banque appropri\u00e9e.<\/p><\/div>\n<\/div>\n\n\n\n<div class=\"wp-block-uagb-container uagb-block-e857d9d4\">\n<div class=\"wp-block-uagb-advanced-heading uagb-block-3f9741aa\"><h2 class=\"uagb-heading-text\">3. Syst\u00e8me maladie<\/h2><p class=\"uagb-desc-text\">D\u00e9cidez quelle assurance maladie souscrire selon vos besoins.<\/p><\/div>\n<\/div>\n<\/div>\n<\/div><\/div>\n\n\n\n<div class=\"wp-block-uagb-container uagb-block-fa58aa5b alignfull uagb-is-root-container\"><div class=\"uagb-container-inner-blocks-wrap\">\n<div class=\"wp-block-uagb-container uagb-block-0d580082\">\n<div class=\"wp-block-uagb-image uagb-block-c9f8d8fe wp-block-uagb-image--layout-default wp-block-uagb-image--effect-static wp-block-uagb-image--align-none\"><figure class=\"wp-block-uagb-image__figure\"><img loading=\"lazy\" decoding=\"async\" srcset=\"https:\/\/smart-leman.ch\/wp-content\/uploads\/2023\/06\/porte_ocpm_0.jpg ,https:\/\/smart-leman.ch\/wp-content\/uploads\/2023\/06\/banner-8.jpg 780w, https:\/\/smart-leman.ch\/wp-content\/uploads\/2023\/06\/banner-8.jpg 360w\" sizes=\"auto, (max-width: 480px) 150px\" src=\"https:\/\/smart-leman.ch\/wp-content\/uploads\/2023\/06\/porte_ocpm_0.jpg\" alt=\"\" class=\"uag-image-1909\" width=\"1090\" height=\"498\" title=\"\" loading=\"lazy\"\/><\/figure><\/div>\n<\/div>\n\n\n\n<div class=\"wp-block-uagb-container uagb-block-d152e74b\">\n<h2 class=\"wp-block-heading\">D\u00e9claration d&rsquo;arriv\u00e9e <\/h2>\n\n\n\n<p><strong>R\u00e9sident: <\/strong>vous devez vous annoncer en personne aupr\u00e8s de l&rsquo;<strong>OCPM<\/strong> de votre commune de r\u00e9sidence et ce m\u00eame en cas de d\u00e9m\u00e9nagement. <\/p>\n\n\n\n<p><strong>Frontalier:<\/strong> vous devez annoncer votre nouvel emploi en Suisse aupr\u00e8s de la <strong>mairie de votre domicile<\/strong><\/p>\n<\/div>\n<\/div><\/div>\n\n\n\n<div class=\"wp-block-uagb-container uagb-block-72ab57bb alignfull uagb-is-root-container\"><div class=\"uagb-container-inner-blocks-wrap\">\n<div class=\"wp-block-uagb-info-box uagb-block-45869fd7 uagb-infobox__content-wrap  uagb-infobox-icon-above-title uagb-infobox-image-valign-top\"><div class=\"uagb-ifb-content\"><div class=\"uagb-ifb-title-wrap\"><h1 class=\"uagb-ifb-title\">Le syst\u00e8me bancaire <\/h1><\/div><p class=\"uagb-ifb-desc\"><strong>R\u00e9sident ou frontalier, <\/strong><br><strong>d\u00e9couvrez les possibilit\u00e9s <\/strong><br><strong>actuelles en mati\u00e8re de banque. <\/strong><\/p><div class=\"uagb-ifb-button-wrapper wp-block-button\"><a href=\"https:\/\/smart-leman.ch\/index.php\/banque-pour-frontalier-before-import\/\" class=\"uagb-infobox-cta-link wp-block-button__link\" target=\"_self\" rel=\"noopener noreferrer\" onclick=\"return true;\" alt=\"\"><span class=\"uagb-inline-editing\">Choisir mon syst\u00e8me bancaire<\/span><\/a><\/div><\/div><\/div>\n<\/div><\/div>\n\n\n\n<div class=\"wp-block-uagb-container uagb-block-b9e45a5d alignfull uagb-is-root-container\"><div class=\"uagb-container-inner-blocks-wrap\">\n<div class=\"wp-block-uagb-container uagb-block-e95907ce\">\n<div class=\"wp-block-uagb-info-box uagb-block-23e25b70 uagb-infobox__content-wrap  uagb-infobox-icon-above-title uagb-infobox-image-valign-top\"><div class=\"uagb-ifb-content\"><div class=\"uagb-ifb-title-wrap\"><h4 class=\"uagb-ifb-title\">Le syst\u00e8me d&rsquo;assurance maladie<\/h4><\/div><p class=\"uagb-ifb-desc\">Les possibilit\u00e9s selon que l&rsquo;on soit r\u00e9sident ou frontalier sont diff\u00e9rentes.<\/p><div class=\"uagb-ifb-button-wrapper wp-block-button\"><a href=\"https:\/\/smart-leman.ch\/index.php\/assurance-maladie\/\" class=\"uagb-infobox-cta-link wp-block-button__link\" target=\"_self\" rel=\"noopener noreferrer\" onclick=\"return true;\" alt=\"\"><span class=\"uagb-inline-editing\">Voir mes possibilit\u00e9s<\/span><\/a><\/div><\/div><\/div>\n<\/div>\n\n\n\n<div class=\"wp-block-uagb-container uagb-block-6f903192\">\n<div class=\"wp-block-uagb-container uagb-block-198d7ef9\">\n<div class=\"wp-block-uagb-container uagb-block-4a696967\">\n<div class=\"wp-block-uagb-info-box uagb-block-eaabf627 uagb-infobox__content-wrap  uagb-infobox-icon-above-title uagb-infobox-image-valign-top\"><div class=\"uagb-ifb-content\"><div class=\"uagb-ifb-title-wrap\"><h5 class=\"uagb-ifb-title\">R\u00e9sident<\/h5><\/div><p class=\"uagb-ifb-desc\">Choisir un organisme pour la LAMal de base obligatoire<\/p><\/div><\/div>\n<\/div>\n\n\n\n<div class=\"wp-block-uagb-container uagb-block-ac5ee808\">\n<div class=\"wp-block-uagb-info-box uagb-block-ec83f624 uagb-infobox__content-wrap  uagb-infobox-icon-above-title uagb-infobox-image-valign-top\"><div class=\"uagb-ifb-content\"><div class=\"uagb-ifb-title-wrap\"><h5 class=\"uagb-ifb-title\">Compl\u00e9mentaires<\/h5><\/div><p class=\"uagb-ifb-desc\">Comparer les compl\u00e9mentaires, LAA, ANP et autres afin d&rsquo;\u00eatre mieux couvert. <\/p><\/div><\/div>\n<\/div>\n<\/div>\n\n\n\n<div class=\"wp-block-uagb-container uagb-block-18296c86\">\n<div class=\"wp-block-uagb-container uagb-block-1e02e2bd\">\n<div class=\"wp-block-uagb-info-box uagb-block-26ee002f uagb-infobox__content-wrap  uagb-infobox-icon-above-title uagb-infobox-image-valign-top\"><div class=\"uagb-ifb-content\"><div class=\"uagb-ifb-title-wrap\"><h5 class=\"uagb-ifb-title\">Frontaliers<\/h5><\/div><p class=\"uagb-ifb-desc\">Effectuer votre droit d&rsquo;option sous maximum 3 mois. <\/p><\/div><\/div>\n<\/div>\n\n\n\n<div class=\"wp-block-uagb-container uagb-block-37ac7e26\">\n<div class=\"wp-block-uagb-info-box uagb-block-329d839e uagb-infobox__content-wrap  uagb-infobox-icon-above-title uagb-infobox-image-valign-top\"><div class=\"uagb-ifb-content\"><div class=\"uagb-ifb-title-wrap\"><h5 class=\"uagb-ifb-title\">Compl\u00e9mentaire<\/h5><\/div><p class=\"uagb-ifb-desc\">Comparer des offres sur Suisse ou sur France pour \u00eatre mieux couvert. <\/p><\/div><\/div>\n<\/div>\n<\/div>\n<\/div>\n<\/div><\/div>\n\n\n\n<div class=\"wp-block-uagb-container uagb-block-b29e6ccc alignfull uagb-is-root-container\"><div class=\"uagb-container-inner-blocks-wrap\">\n<div class=\"wp-block-uagb-container uagb-block-0a7687fa\">\n<div class=\"wp-block-uagb-container uagb-block-e8bb15da\">\n<div class=\"wp-block-uagb-image aligncenter uagb-block-de81c954 wp-block-uagb-image--layout-default wp-block-uagb-image--effect-static wp-block-uagb-image--align-center\"><figure class=\"wp-block-uagb-image__figure\"><img loading=\"lazy\" decoding=\"async\" srcset=\"https:\/\/smart-leman.ch\/wp-content\/uploads\/2023\/06\/Un-conseiller-a-votre-ecoute.-2-576x1024.png \" sizes=\"auto, (max-width: 480px) 150px\" src=\"https:\/\/smart-leman.ch\/wp-content\/uploads\/2023\/06\/Un-conseiller-a-votre-ecoute.-2-576x1024.png\" alt=\"\" class=\"uag-image-2007\" width=\"576\" height=\"1024\" title=\"\" loading=\"lazy\"\/><\/figure><\/div>\n<\/div>\n\n\n\n<div class=\"wp-block-uagb-container uagb-block-d7ef6460\">\n<div class=\"wp-block-uagb-info-box uagb-block-994cede9 uagb-infobox__content-wrap  uagb-infobox-icon-above-title uagb-infobox-image-valign-top\"><div class=\"uagb-ifb-content\"><div class=\"uagb-ifb-title-wrap\"><h2 class=\"uagb-ifb-title\">Demander un appel t\u00e9l\u00e9phonique<\/h2><\/div><p class=\"uagb-ifb-desc\">Un expert prendra contact avec vous pour faire le point et vous expliquer les diff\u00e9rents syst\u00e8mes Suisse. <\/p><div class=\"uagb-ifb-button-wrapper wp-block-button\"><a href=\"https:\/\/smart-leman.ch\/index.php\/contacts-before-import\/\" class=\"uagb-infobox-cta-link wp-block-button__link\" target=\"_self\" rel=\"noopener noreferrer\" onclick=\"return true;\" alt=\"\"><span class=\"uagb-inline-editing\">Contact<\/span><\/a><\/div><\/div><\/div>\n<\/div>\n<\/div>\n<\/div><\/div>\n","protected":false},"excerpt":{"rendered":"<p>D\u00e9marches nouvel arrivant Vous avez enfin trouv\u00e9 un emploi sur Suisse ! F\u00e9licitations ! Maintenant place aux d\u00e9marches administratives pour \u00eatre en r\u00e8gle. Certaines d\u00e9marches diff\u00e8rent d&rsquo;un r\u00e9sident \u00e0 un frontalier. 1. D\u00e9claration D\u00e9clarez vous aupr\u00e8s de l&rsquo; administration de votre commune. 2. Syst\u00e8me bancaire Choisissez une banque appropri\u00e9e. 3. Syst\u00e8me maladie D\u00e9cidez quelle assurance&#8230;<\/p>\n","protected":false},"author":1,"featured_media":0,"parent":886,"menu_order":0,"comment_status":"closed","ping_status":"closed","template":"","meta":{"_uag_custom_page_level_css":"","_kadence_starter_templates_imported_post":false,"_kad_post_transparent":"","_kad_post_title":"","_kad_post_layout":"","_kad_post_sidebar_id":"","_kad_post_content_style":"","_kad_post_vertical_padding":"","_kad_post_feature":"","_kad_post_feature_position":"","_kad_post_header":false,"_kad_post_footer":false,"_kad_post_classname":"","footnotes":""},"class_list":["post-916","page","type-page","status-publish","hentry"],"uagb_featured_image_src":{"full":false,"thumbnail":false,"medium":false,"medium_large":false,"large":false,"1536x1536":false,"2048x2048":false},"uagb_author_info":{"display_name":"SL","author_link":"https:\/\/smart-leman.ch\/index.php\/author\/sl\/"},"uagb_comment_info":0,"uagb_excerpt":"D\u00e9marches nouvel arrivant Vous avez enfin trouv\u00e9 un emploi sur Suisse ! F\u00e9licitations ! Maintenant place aux d\u00e9marches administratives pour \u00eatre en r\u00e8gle. Certaines d\u00e9marches diff\u00e8rent d&rsquo;un r\u00e9sident \u00e0 un frontalier. 1. D\u00e9claration D\u00e9clarez vous aupr\u00e8s de l&rsquo; administration de votre commune. 2. Syst\u00e8me bancaire Choisissez une banque appropri\u00e9e. 3. Syst\u00e8me maladie D\u00e9cidez quelle assurance...","_links":{"self":[{"href":"https:\/\/smart-leman.ch\/index.php\/wp-json\/wp\/v2\/pages\/916","targetHints":{"allow":["GET"]}}],"collection":[{"href":"https:\/\/smart-leman.ch\/index.php\/wp-json\/wp\/v2\/pages"}],"about":[{"href":"https:\/\/smart-leman.ch\/index.php\/wp-json\/wp\/v2\/types\/page"}],"author":[{"embeddable":true,"href":"https:\/\/smart-leman.ch\/index.php\/wp-json\/wp\/v2\/users\/1"}],"replies":[{"embeddable":true,"href":"https:\/\/smart-leman.ch\/index.php\/wp-json\/wp\/v2\/comments?post=916"}],"version-history":[{"count":17,"href":"https:\/\/smart-leman.ch\/index.php\/wp-json\/wp\/v2\/pages\/916\/revisions"}],"predecessor-version":[{"id":2036,"href":"https:\/\/smart-leman.ch\/index.php\/wp-json\/wp\/v2\/pages\/916\/revisions\/2036"}],"up":[{"embeddable":true,"href":"https:\/\/smart-leman.ch\/index.php\/wp-json\/wp\/v2\/pages\/886"}],"wp:attachment":[{"href":"https:\/\/smart-leman.ch\/index.php\/wp-json\/wp\/v2\/media?parent=916"}],"curies":[{"name":"wp","href":"https:\/\/api.w.org\/{rel}","templated":true}]}}