{"id":936,"date":"2023-03-14T12:30:30","date_gmt":"2023-03-14T11:30:30","guid":{"rendered":"http:\/\/smart-leman.ch\/?page_id=936-old"},"modified":"2023-03-21T19:33:25","modified_gmt":"2023-03-21T18:33:25","slug":"banque-pour-frontalier-before-import","status":"publish","type":"page","link":"https:\/\/smart-leman.ch\/index.php\/banque-pour-frontalier-before-import\/","title":{"rendered":"Banque pour frontalier"},"content":{"rendered":"<style>.kb-row-layout-id_c3bf52-35 > .kt-row-column-wrap{align-content:center;}:where(.kb-row-layout-id_c3bf52-35 > .kt-row-column-wrap) > .wp-block-kadence-column{justify-content:center;}.kb-row-layout-id_c3bf52-35 > .kt-row-column-wrap{column-gap:var(--global-kb-gap-md, 2rem);row-gap:var(--global-kb-gap-md, 2rem);max-width:2000px;margin-left:auto;margin-right:auto;padding-top:200px;padding-bottom:200px;min-height:560px;grid-template-columns:minmax(0, 1fr);}.kb-row-layout-id_c3bf52-35{background-image:url('https:\/\/smart-leman.ch\/wp-content\/uploads\/2023\/03\/bns_key.jpg');background-size:cover;background-position:center center;background-attachment:scroll;background-repeat:no-repeat;}.kb-row-layout-id_c3bf52-35 > .kt-row-layout-overlay{opacity:0.80;background:linear-gradient(14deg,var(--global-palette1,#2bb0b0) 5%,var(--global-palette9,#ffffff) 65%);mix-blend-mode:lighten;}@media all and (max-width: 1024px){.kb-row-layout-id_c3bf52-35 > .kt-row-column-wrap{grid-template-columns:minmax(0, 1fr);}}@media all and (max-width: 767px){.kb-row-layout-id_c3bf52-35 > .kt-row-column-wrap{grid-template-columns:minmax(0, 1fr);}}<\/style><div class=\"kb-row-layout-wrap kb-row-layout-id_c3bf52-35 alignnone kt-row-has-bg wp-block-kadence-rowlayout\"><div class=\"kt-row-layout-overlay kt-row-overlay-gradient\"><\/div><div class=\"kt-row-column-wrap kt-has-1-columns kt-row-layout-equal kt-tab-layout-inherit kt-mobile-layout-row kt-row-valign-middle\">\n<style>.kadence-column_f65eee-2c > .kt-inside-inner-col,.kadence-column_f65eee-2c > .kt-inside-inner-col:before{border-top-left-radius:0px;border-top-right-radius:0px;border-bottom-right-radius:0px;border-bottom-left-radius:0px;}.kadence-column_f65eee-2c > .kt-inside-inner-col{column-gap:var(--global-kb-gap-sm, 1rem);}.kadence-column_f65eee-2c > .kt-inside-inner-col{flex-direction:column;}.kadence-column_f65eee-2c > .kt-inside-inner-col > .aligncenter{width:100%;}.kadence-column_f65eee-2c > .kt-inside-inner-col:before{opacity:0.3;}.kadence-column_f65eee-2c{position:relative;}@media all and (max-width: 1024px){.kadence-column_f65eee-2c > .kt-inside-inner-col{flex-direction:column;justify-content:center;}}@media all and (max-width: 767px){.kadence-column_f65eee-2c > .kt-inside-inner-col{flex-direction:column;justify-content:center;}}<\/style>\n<div class=\"wp-block-kadence-column kadence-column_f65eee-2c inner-column-1\"><div class=\"kt-inside-inner-col\"><style>.wp-block-kadence-advancedheading.kt-adv-heading_52583b-05, .wp-block-kadence-advancedheading.kt-adv-heading_52583b-05[data-kb-block=\"kb-adv-heading_52583b-05\"]{margin-bottom:10px;text-align:center;font-size:75px;line-height:61px;font-style:normal;}.wp-block-kadence-advancedheading.kt-adv-heading_52583b-05 mark.kt-highlight, .wp-block-kadence-advancedheading.kt-adv-heading_52583b-05[data-kb-block=\"kb-adv-heading_52583b-05\"] mark.kt-highlight{font-style:normal;color:#f76a0c;-webkit-box-decoration-break:clone;box-decoration-break:clone;padding-top:0px;padding-right:0px;padding-bottom:0px;padding-left:0px;}.wp-block-kadence-advancedheading.kt-adv-heading_52583b-05 img.kb-inline-image, .wp-block-kadence-advancedheading.kt-adv-heading_52583b-05[data-kb-block=\"kb-adv-heading_52583b-05\"] img.kb-inline-image{width:150px;vertical-align:baseline;}<\/style>\n<h1 class=\"kt-adv-heading_52583b-05 wp-block-kadence-advancedheading has-theme-palette-2-color has-text-color\" data-kb-block=\"kb-adv-heading_52583b-05\"><strong>Bien choisir sa banque<\/strong><\/h1>\n\n\n\n<p class=\"has-text-align-center has-white-color has-text-color\" style=\"font-size:27px\"><\/p>\n<\/div><\/div>\n\n<\/div><\/div>\n\n\n<div class=\"wp-block-uagb-container uagb-block-ea478c06 alignfull uagb-is-root-container\"><div class=\"uagb-container-inner-blocks-wrap\">\n<div class=\"wp-block-uagb-info-box uagb-block-c863a8a2 uagb-infobox__content-wrap  uagb-infobox-icon-above-title uagb-infobox-image-valign-top\"><div class=\"uagb-ifb-content\"><div class=\"uagb-ifb-title-wrap\"><span class=\"uagb-ifb-title-prefix\"><strong>Diff\u00e9rents types de banques<\/strong><\/span><h1 class=\"uagb-ifb-title\">Il existe 3 types de banques pour les travailleurs sur Suisse, avec chacunes ses avantages et inconv\u00e9nients.<\/h1><\/div><\/div><\/div>\n\n\n\n<div class=\"wp-block-uagb-container uagb-block-5f7a9cf7\">\n<div class=\"wp-block-uagb-container uagb-block-9231c0a1\">\n<div class=\"wp-block-uagb-advanced-heading uagb-block-a3b71fea\"><h3 class=\"uagb-heading-text\">Banque physique<\/h3><p class=\"uagb-desc-text\">Une banque classique o\u00f9 vous pouvez avoir une <strong>carte<\/strong> de d\u00e9bit. <br><br>Engage des <strong>frais de carte<\/strong> et\/ou de <strong>tenue de compte souvent \u00e9lev\u00e9s. <\/strong><br><br>Les <strong>virements de Chf en \u20ac<\/strong> sont quelques fois <strong>factur\u00e9s ainsi que les frais de change.<\/strong><br><br>Il existe pour les frontaliers des <strong>comptes miroir<\/strong> avec les banques fran\u00e7aises qui posent les m\u00eames frais.<br><br>Un<strong> service client est disponible<\/strong> et ce type de banque vous permet de <strong>retirer aux bancomats librement<\/strong>. <br><br><em>Exemple:<br>UBS, BCGE, BCV, BANQUE DU L\u00e9MAN, POSTFINANCE&#8230;<br>Compte miroir: CIC, Cr\u00e9dit agricole, Cr\u00e9dit mutuel&#8230;<\/em><\/p><\/div>\n<\/div>\n\n\n\n<div class=\"wp-block-uagb-container uagb-block-ab5603c1\">\n<div class=\"wp-block-uagb-advanced-heading uagb-block-3910dc9f\"><h3 class=\"uagb-heading-text\">Neo-banque<\/h3><p class=\"uagb-desc-text\">Une banque en ligne qui permet l&rsquo;acc\u00e8s \u00e0 une <strong>carte de d\u00e9bit souvent gratuite<\/strong> avec possibilit\u00e9 de faire des <strong>retraits des 2 c\u00f4t\u00e9s de la fronti\u00e8re, <\/strong>en g\u00e9n\u00e9ral entre 2 et 5 par mois apr\u00e8s cela est payant.<br><br>Un <strong>service client pr\u00e9sent mais moins accessible qu&rsquo;en banque physique.<\/strong><br><br><strong>Compte en multi-devises<\/strong> possible.<br>En g\u00e9n\u00e9ral <strong>pas de frais de virement de Chf \u00e0 l&rsquo;\u20ac<\/strong> mais une petite <strong>marge sur le taux de change du jour.<\/strong><br><br>Certaines plateformes permettent un <strong>acc\u00e8s simplifi\u00e9 aux crypto-monnaies.<\/strong> <br><em>Yuh notamment distribue des Swiss-coins \u00e0 chaque achat que vous pouvez convertir en Chf facilement. <\/em><br><br>Possibilit\u00e9 d&rsquo;avoir un <strong>compte \u00e9pargne gratuit en ligne.<\/strong><br><br><em>Exemple:<br>YUH, FLOW BANK, TRANSFERT WISE&#8230;<\/em><br><br><em>Codes promo: www.neo-banques.ch<\/em><\/p><\/div>\n<\/div>\n\n\n\n<div class=\"wp-block-uagb-container uagb-block-794d8837\">\n<div class=\"wp-block-uagb-advanced-heading uagb-block-20244b44\"><h3 class=\"uagb-heading-text\">Plateforme de transfert<\/h3><p class=\"uagb-desc-text\">Ce n&rsquo;est <strong>pas une banque mais uniquement une plateforme internet<\/strong> qui vous d\u00e9livre un <strong>iban en Chf<\/strong> et <strong>transf\u00e8re vos Chf en \u20ac. <\/strong><br><br>Des <strong>frais de change sont appliqu\u00e9s<\/strong> mais <strong>aucun frais de tenue de compte<\/strong> n&rsquo;est retenu. <br><br><strong>Aucune d\u00e9livrance de carte<\/strong> possible. <br><br><strong>Pas de retrait possible et service client limit\u00e9.<\/strong><br><br><em>Exemple:<br>Ibani, B-sharp&#8230;<\/em><\/p><\/div>\n<\/div>\n<\/div>\n\n\n<style>.kb-row-layout-id_a71e11-e8 > .kt-row-column-wrap{align-content:start;}:where(.kb-row-layout-id_a71e11-e8 > .kt-row-column-wrap) > .wp-block-kadence-column{justify-content:start;}.kb-row-layout-id_a71e11-e8 > .kt-row-column-wrap{column-gap:var(--global-kb-gap-md, 2rem);row-gap:var(--global-kb-gap-md, 2rem);padding-top:var(--global-kb-spacing-sm, 1.5rem);padding-bottom:var(--global-kb-spacing-sm, 1.5rem);}.kb-row-layout-id_a71e11-e8 > .kt-row-column-wrap > div:not(.added-for-specificity){grid-column:initial;}.kb-row-layout-id_a71e11-e8 > .kt-row-column-wrap{grid-template-columns:minmax(0, 1fr) minmax(0, 2fr) minmax(0, 1fr);}.kb-row-layout-id_a71e11-e8 > .kt-row-layout-overlay{opacity:0.30;}@media all and (max-width: 1024px){.kb-row-layout-id_a71e11-e8 > .kt-row-column-wrap > div:not(.added-for-specificity){grid-column:initial;}}@media all and (max-width: 1024px){.kb-row-layout-id_a71e11-e8 > .kt-row-column-wrap{grid-template-columns:minmax(0, 1fr) minmax(0, 2fr) minmax(0, 1fr);}}@media all and (max-width: 767px){.kb-row-layout-id_a71e11-e8 > .kt-row-column-wrap > div:not(.added-for-specificity){grid-column:initial;}.kb-row-layout-id_a71e11-e8 > .kt-row-column-wrap{grid-template-columns:minmax(0, 1fr);}}<\/style><div class=\"kb-row-layout-wrap kb-row-layout-id_a71e11-e8 alignnone wp-block-kadence-rowlayout\"><div class=\"kt-row-column-wrap kt-has-3-columns kt-row-layout-center-half kt-tab-layout-inherit kt-mobile-layout-row kt-row-valign-top\">\n<style>.kadence-column_569256-c9 > .kt-inside-inner-col,.kadence-column_569256-c9 > .kt-inside-inner-col:before{border-top-left-radius:0px;border-top-right-radius:0px;border-bottom-right-radius:0px;border-bottom-left-radius:0px;}.kadence-column_569256-c9 > .kt-inside-inner-col{column-gap:var(--global-kb-gap-sm, 1rem);}.kadence-column_569256-c9 > .kt-inside-inner-col{flex-direction:column;}.kadence-column_569256-c9 > .kt-inside-inner-col > .aligncenter{width:100%;}.kadence-column_569256-c9 > .kt-inside-inner-col:before{opacity:0.3;}.kadence-column_569256-c9{position:relative;}@media all and (max-width: 1024px){.kadence-column_569256-c9 > .kt-inside-inner-col{flex-direction:column;justify-content:center;}}@media all and (max-width: 767px){.kadence-column_569256-c9 > .kt-inside-inner-col{flex-direction:column;justify-content:center;}}<\/style>\n<div class=\"wp-block-kadence-column kadence-column_569256-c9\"><div class=\"kt-inside-inner-col\"><\/div><\/div>\n\n\n<style>.kadence-column_ba2bb7-2b > .kt-inside-inner-col,.kadence-column_ba2bb7-2b > .kt-inside-inner-col:before{border-top-left-radius:0px;border-top-right-radius:0px;border-bottom-right-radius:0px;border-bottom-left-radius:0px;}.kadence-column_ba2bb7-2b > .kt-inside-inner-col{column-gap:var(--global-kb-gap-sm, 1rem);}.kadence-column_ba2bb7-2b > .kt-inside-inner-col{flex-direction:column;}.kadence-column_ba2bb7-2b > .kt-inside-inner-col > .aligncenter{width:100%;}.kadence-column_ba2bb7-2b > .kt-inside-inner-col:before{opacity:0.3;}.kadence-column_ba2bb7-2b{position:relative;}@media all and (max-width: 1024px){.kadence-column_ba2bb7-2b > .kt-inside-inner-col{flex-direction:column;justify-content:center;}}@media all and (max-width: 767px){.kadence-column_ba2bb7-2b > .kt-inside-inner-col{flex-direction:column;justify-content:center;}}<\/style>\n<div class=\"wp-block-kadence-column kadence-column_ba2bb7-2b\"><div class=\"kt-inside-inner-col\"><style>.wp-block-kadence-advancedheading.kt-adv-heading_71d723-68, .wp-block-kadence-advancedheading.kt-adv-heading_71d723-68[data-kb-block=\"kb-adv-heading_71d723-68\"]{text-align:center;font-style:normal;}.wp-block-kadence-advancedheading.kt-adv-heading_71d723-68 mark.kt-highlight, .wp-block-kadence-advancedheading.kt-adv-heading_71d723-68[data-kb-block=\"kb-adv-heading_71d723-68\"] mark.kt-highlight{font-style:normal;color:#f76a0c;-webkit-box-decoration-break:clone;box-decoration-break:clone;padding-top:0px;padding-right:0px;padding-bottom:0px;padding-left:0px;}.wp-block-kadence-advancedheading.kt-adv-heading_71d723-68 img.kb-inline-image, .wp-block-kadence-advancedheading.kt-adv-heading_71d723-68[data-kb-block=\"kb-adv-heading_71d723-68\"] img.kb-inline-image{width:150px;vertical-align:baseline;}<\/style>\n<h4 class=\"kt-adv-heading_71d723-68 wp-block-kadence-advancedheading\" data-kb-block=\"kb-adv-heading_71d723-68\">Pour chaque demande d&rsquo;ouverture de compte, le travailleur doit fournir son contrat de travail et le frontalier doit d\u00e9clarer son compte aupr\u00e8s de l&rsquo;administration fiscale fran\u00e7aise.<\/h4>\n<\/div><\/div>\n\n\n<style>.kadence-column_286854-f5 > .kt-inside-inner-col,.kadence-column_286854-f5 > .kt-inside-inner-col:before{border-top-left-radius:0px;border-top-right-radius:0px;border-bottom-right-radius:0px;border-bottom-left-radius:0px;}.kadence-column_286854-f5 > .kt-inside-inner-col{column-gap:var(--global-kb-gap-sm, 1rem);}.kadence-column_286854-f5 > .kt-inside-inner-col{flex-direction:column;}.kadence-column_286854-f5 > .kt-inside-inner-col > .aligncenter{width:100%;}.kadence-column_286854-f5 > .kt-inside-inner-col:before{opacity:0.3;}.kadence-column_286854-f5{position:relative;}@media all and (max-width: 1024px){.kadence-column_286854-f5 > .kt-inside-inner-col{flex-direction:column;justify-content:center;}}@media all and (max-width: 767px){.kadence-column_286854-f5 > .kt-inside-inner-col{flex-direction:column;justify-content:center;}}<\/style>\n<div class=\"wp-block-kadence-column kadence-column_286854-f5\"><div class=\"kt-inside-inner-col\"><\/div><\/div>\n\n<\/div><\/div>\n\n<style>.kb-row-layout-id_6484f0-c6 > .kt-row-column-wrap{align-content:start;}:where(.kb-row-layout-id_6484f0-c6 > .kt-row-column-wrap) > .wp-block-kadence-column{justify-content:start;}.kb-row-layout-id_6484f0-c6 > .kt-row-column-wrap{column-gap:var(--global-kb-gap-md, 2rem);row-gap:var(--global-kb-gap-md, 2rem);padding-top:var(--global-kb-spacing-sm, 1.5rem);padding-bottom:var(--global-kb-spacing-sm, 1.5rem);grid-template-columns:minmax(0, 1fr);}.kb-row-layout-id_6484f0-c6 > .kt-row-layout-overlay{opacity:0.30;}@media all and (max-width: 1024px){.kb-row-layout-id_6484f0-c6 > .kt-row-column-wrap{grid-template-columns:minmax(0, 1fr);}}@media all and (max-width: 767px){.kb-row-layout-id_6484f0-c6 > .kt-row-column-wrap{grid-template-columns:minmax(0, 1fr);}}<\/style><div class=\"kb-row-layout-wrap kb-row-layout-id_6484f0-c6 alignnone wp-block-kadence-rowlayout\"><div class=\"kt-row-column-wrap kt-has-2-columns kt-row-layout-row kt-tab-layout-inherit kt-mobile-layout-row kt-row-valign-top\">\n<style>.kadence-column_320b4f-0f > .kt-inside-inner-col,.kadence-column_320b4f-0f > .kt-inside-inner-col:before{border-top-left-radius:0px;border-top-right-radius:0px;border-bottom-right-radius:0px;border-bottom-left-radius:0px;}.kadence-column_320b4f-0f > .kt-inside-inner-col{column-gap:var(--global-kb-gap-sm, 1rem);}.kadence-column_320b4f-0f > .kt-inside-inner-col{flex-direction:column;}.kadence-column_320b4f-0f > .kt-inside-inner-col > .aligncenter{width:100%;}.kadence-column_320b4f-0f > .kt-inside-inner-col:before{opacity:0.3;}.kadence-column_320b4f-0f{position:relative;}@media all and (max-width: 1024px){.kadence-column_320b4f-0f > .kt-inside-inner-col{flex-direction:column;justify-content:center;}}@media all and (max-width: 767px){.kadence-column_320b4f-0f > .kt-inside-inner-col{flex-direction:column;justify-content:center;}}<\/style>\n<div class=\"wp-block-kadence-column kadence-column_320b4f-0f\"><div class=\"kt-inside-inner-col\"><style>.wp-block-kadence-advancedheading.kt-adv-heading_bb28e7-2c, .wp-block-kadence-advancedheading.kt-adv-heading_bb28e7-2c[data-kb-block=\"kb-adv-heading_bb28e7-2c\"]{text-align:center;font-style:normal;}.wp-block-kadence-advancedheading.kt-adv-heading_bb28e7-2c mark.kt-highlight, .wp-block-kadence-advancedheading.kt-adv-heading_bb28e7-2c[data-kb-block=\"kb-adv-heading_bb28e7-2c\"] mark.kt-highlight{font-style:normal;color:#f76a0c;-webkit-box-decoration-break:clone;box-decoration-break:clone;padding-top:0px;padding-right:0px;padding-bottom:0px;padding-left:0px;}.wp-block-kadence-advancedheading.kt-adv-heading_bb28e7-2c img.kb-inline-image, .wp-block-kadence-advancedheading.kt-adv-heading_bb28e7-2c[data-kb-block=\"kb-adv-heading_bb28e7-2c\"] img.kb-inline-image{width:150px;vertical-align:baseline;}<\/style>\n<h1 class=\"kt-adv-heading_bb28e7-2c wp-block-kadence-advancedheading\" data-kb-block=\"kb-adv-heading_bb28e7-2c\"><strong>Il est totalement envisageable pour les frontaliers de combiner 2 types de banques diff\u00e9rentes afin de tirer meilleur parti des 2.<\/strong><\/h1>\n<\/div><\/div>\n\n\n<style>.kadence-column_02e763-57 > .kt-inside-inner-col,.kadence-column_02e763-57 > .kt-inside-inner-col:before{border-top-left-radius:0px;border-top-right-radius:0px;border-bottom-right-radius:0px;border-bottom-left-radius:0px;}.kadence-column_02e763-57 > .kt-inside-inner-col{column-gap:var(--global-kb-gap-sm, 1rem);}.kadence-column_02e763-57 > .kt-inside-inner-col{flex-direction:column;}.kadence-column_02e763-57 > .kt-inside-inner-col > .aligncenter{width:100%;}.kadence-column_02e763-57 > .kt-inside-inner-col:before{opacity:0.3;}.kadence-column_02e763-57{position:relative;}@media all and (max-width: 1024px){.kadence-column_02e763-57 > .kt-inside-inner-col{flex-direction:column;justify-content:center;}}@media all and (max-width: 767px){.kadence-column_02e763-57 > .kt-inside-inner-col{flex-direction:column;justify-content:center;}}<\/style>\n<div class=\"wp-block-kadence-column kadence-column_02e763-57\"><div class=\"kt-inside-inner-col\"><style>.wp-block-kadence-advancedheading.kt-adv-heading_bd7d01-60, .wp-block-kadence-advancedheading.kt-adv-heading_bd7d01-60[data-kb-block=\"kb-adv-heading_bd7d01-60\"]{text-align:center;font-style:normal;}.wp-block-kadence-advancedheading.kt-adv-heading_bd7d01-60 mark.kt-highlight, .wp-block-kadence-advancedheading.kt-adv-heading_bd7d01-60[data-kb-block=\"kb-adv-heading_bd7d01-60\"] mark.kt-highlight{font-style:normal;color:#f76a0c;-webkit-box-decoration-break:clone;box-decoration-break:clone;padding-top:0px;padding-right:0px;padding-bottom:0px;padding-left:0px;}.wp-block-kadence-advancedheading.kt-adv-heading_bd7d01-60 img.kb-inline-image, .wp-block-kadence-advancedheading.kt-adv-heading_bd7d01-60[data-kb-block=\"kb-adv-heading_bd7d01-60\"] img.kb-inline-image{width:150px;vertical-align:baseline;}<\/style>\n<h6 class=\"kt-adv-heading_bd7d01-60 wp-block-kadence-advancedheading\" data-kb-block=\"kb-adv-heading_bd7d01-60\"><strong>Aucun partenariat n&rsquo;est rentr\u00e9 en compte dans l&rsquo;\u00e9laboration de cet article, en esp\u00e9rant qu&rsquo;il vous aidera \u00e0 faire votre choix.<\/strong><\/h6>\n<\/div><\/div>\n\n<\/div><\/div><\/div><\/div>\n","protected":false},"excerpt":{"rendered":"<p>Bien choisir sa banque Banque physique Une banque classique o\u00f9 vous pouvez avoir une carte de d\u00e9bit. Engage des frais de carte et\/ou de tenue de compte souvent \u00e9lev\u00e9s. Les virements de Chf en \u20ac sont quelques fois factur\u00e9s ainsi que les frais de change. Il existe pour les frontaliers des comptes miroir avec les&#8230;<\/p>\n","protected":false},"author":1,"featured_media":0,"parent":0,"menu_order":0,"comment_status":"closed","ping_status":"closed","template":"","meta":{"_uag_custom_page_level_css":"","_kadence_starter_templates_imported_post":false,"_kad_post_transparent":"","_kad_post_title":"","_kad_post_layout":"","_kad_post_sidebar_id":"","_kad_post_content_style":"","_kad_post_vertical_padding":"","_kad_post_feature":"","_kad_post_feature_position":"","_kad_post_header":false,"_kad_post_footer":false,"_kad_post_classname":"","footnotes":""},"class_list":["post-936","page","type-page","status-publish","hentry"],"uagb_featured_image_src":{"full":false,"thumbnail":false,"medium":false,"medium_large":false,"large":false,"1536x1536":false,"2048x2048":false},"uagb_author_info":{"display_name":"SL","author_link":"https:\/\/smart-leman.ch\/index.php\/author\/sl\/"},"uagb_comment_info":0,"uagb_excerpt":"Bien choisir sa banque Banque physique Une banque classique o\u00f9 vous pouvez avoir une carte de d\u00e9bit. Engage des frais de carte et\/ou de tenue de compte souvent \u00e9lev\u00e9s. Les virements de Chf en \u20ac sont quelques fois factur\u00e9s ainsi que les frais de change. Il existe pour les frontaliers des comptes miroir avec les...","_links":{"self":[{"href":"https:\/\/smart-leman.ch\/index.php\/wp-json\/wp\/v2\/pages\/936","targetHints":{"allow":["GET"]}}],"collection":[{"href":"https:\/\/smart-leman.ch\/index.php\/wp-json\/wp\/v2\/pages"}],"about":[{"href":"https:\/\/smart-leman.ch\/index.php\/wp-json\/wp\/v2\/types\/page"}],"author":[{"embeddable":true,"href":"https:\/\/smart-leman.ch\/index.php\/wp-json\/wp\/v2\/users\/1"}],"replies":[{"embeddable":true,"href":"https:\/\/smart-leman.ch\/index.php\/wp-json\/wp\/v2\/comments?post=936"}],"version-history":[{"count":19,"href":"https:\/\/smart-leman.ch\/index.php\/wp-json\/wp\/v2\/pages\/936\/revisions"}],"predecessor-version":[{"id":1596,"href":"https:\/\/smart-leman.ch\/index.php\/wp-json\/wp\/v2\/pages\/936\/revisions\/1596"}],"wp:attachment":[{"href":"https:\/\/smart-leman.ch\/index.php\/wp-json\/wp\/v2\/media?parent=936"}],"curies":[{"name":"wp","href":"https:\/\/api.w.org\/{rel}","templated":true}]}}